{"id":7,"date":"2016-03-24T10:08:41","date_gmt":"2016-03-24T09:08:41","guid":{"rendered":"http:\/\/psv-achsheim.de.w0146192.kasserver.com\/?page_id=7"},"modified":"2025-07-07T11:36:26","modified_gmt":"2025-07-07T09:36:26","slug":"die-vorstandschaft","status":"publish","type":"page","link":"http:\/\/psv-achsheim.de\/?page_id=7","title":{"rendered":"Vorstandschaft"},"content":{"rendered":"\n<p><\/p>\n\n\n\n<p class=\"has-text-align-center\"><strong>1. Vorstand<\/strong><\/p>\n\n\n\n<p class=\"has-text-align-center\">Herr Andreas Huth, Biberbach-Affaltern<\/p>\n\n\n\n<hr class=\"wp-block-separator has-alpha-channel-opacity\"\/>\n\n\n\n<p class=\"has-text-align-center\"><strong>2. Vorstand<\/strong><\/p>\n\n\n\n<p class=\"has-text-align-center\">Frau Marion Kopold, Langweid a. L.<\/p>\n\n\n\n<hr class=\"wp-block-separator has-alpha-channel-opacity\"\/>\n\n\n\n<p class=\"has-text-align-center\"><strong>Schriftf\u00fchrerin<\/strong><\/p>\n\n\n\n<p class=\"has-text-align-center\">Frau Mirjam J\u00e4ger, Gablingen<\/p>\n\n\n\n<hr class=\"wp-block-separator has-alpha-channel-opacity\"\/>\n\n\n\n<p class=\"has-text-align-center\"><strong>Kassiererin<\/strong><\/p>\n\n\n\n<p class=\"has-text-align-center\">Frau Gabi Reinsch, Gablingen<\/p>\n\n\n\n<hr class=\"wp-block-separator has-alpha-channel-opacity\"\/>\n\n\n\n<p class=\"has-text-align-center\"><strong>Jugendleiterin<\/strong><\/p>\n\n\n\n<p class=\"has-text-align-center\">Frau Sabine Lechner, Affing<\/p>\n\n\n\n<hr class=\"wp-block-separator has-alpha-channel-opacity\"\/>\n\n\n\n<p class=\"has-text-align-center\"><strong>Technische Leiterin<\/strong><\/p>\n\n\n\n<p class=\"has-text-align-center\">Frau Carina Pr\u00f6ll, Neus\u00e4\u00df<\/p>\n\n\n\n<hr class=\"wp-block-separator has-alpha-channel-opacity\"\/>\n\n\n\n<p class=\"has-text-align-center\"><strong>Sportbeauftragte<\/strong><\/p>\n\n\n\n<p class=\"has-text-align-center\">Frau Silvia Gr\u00fcndler, Gersthofen<\/p>\n\n\n\n<hr class=\"wp-block-separator has-alpha-channel-opacity\"\/>\n\n\n\n<p class=\"has-text-align-center\"><\/p>\n","protected":false},"excerpt":{"rendered":"<p>1. Vorstand Herr Andreas Huth, Biberbach-Affaltern 2. Vorstand Frau Marion Kopold, Langweid a. L. Schriftf\u00fchrerin Frau Mirjam J\u00e4ger, Gablingen Kassiererin Frau Gabi Reinsch, Gablingen Jugendleiterin Frau Sabine Lechner, Affing Technische Leiterin Frau Carina Pr\u00f6ll, Neus\u00e4\u00df Sportbeauftragte Frau Silvia Gr\u00fcndler, Gersthofen<\/p>\n","protected":false},"author":1,"featured_media":0,"parent":0,"menu_order":0,"comment_status":"closed","ping_status":"closed","template":"","meta":{"footnotes":""},"class_list":["post-7","page","type-page","status-publish","hentry"],"_links":{"self":[{"href":"http:\/\/psv-achsheim.de\/index.php?rest_route=\/wp\/v2\/pages\/7","targetHints":{"allow":["GET"]}}],"collection":[{"href":"http:\/\/psv-achsheim.de\/index.php?rest_route=\/wp\/v2\/pages"}],"about":[{"href":"http:\/\/psv-achsheim.de\/index.php?rest_route=\/wp\/v2\/types\/page"}],"author":[{"embeddable":true,"href":"http:\/\/psv-achsheim.de\/index.php?rest_route=\/wp\/v2\/users\/1"}],"replies":[{"embeddable":true,"href":"http:\/\/psv-achsheim.de\/index.php?rest_route=%2Fwp%2Fv2%2Fcomments&post=7"}],"version-history":[{"count":11,"href":"http:\/\/psv-achsheim.de\/index.php?rest_route=\/wp\/v2\/pages\/7\/revisions"}],"predecessor-version":[{"id":859,"href":"http:\/\/psv-achsheim.de\/index.php?rest_route=\/wp\/v2\/pages\/7\/revisions\/859"}],"wp:attachment":[{"href":"http:\/\/psv-achsheim.de\/index.php?rest_route=%2Fwp%2Fv2%2Fmedia&parent=7"}],"curies":[{"name":"wp","href":"https:\/\/api.w.org\/{rel}","templated":true}]}}