{"id":613,"date":"2023-04-19T15:06:32","date_gmt":"2023-04-19T13:06:32","guid":{"rendered":"http:\/\/psv-achsheim.de\/?page_id=613"},"modified":"2024-02-19T10:25:32","modified_gmt":"2024-02-19T09:25:32","slug":"50-jaehriges-jubilaeum","status":"publish","type":"page","link":"http:\/\/psv-achsheim.de\/?page_id=613","title":{"rendered":"50-j\u00e4hriges Jubil\u00e4um"},"content":{"rendered":"\n<hr class=\"wp-block-separator has-alpha-channel-opacity\"\/>\n\n\n\n<p><strong>Jubil\u00e4um bei den Achsheimer Pferdesportlern begeistert<\/strong><\/p>\n\n\n\n<p>Mit einer guten Mischung aus Sport und Fest feierte der Verein seinen Geburtstag.<\/p>\n\n\n\n<p>Am 23.09.23 lud der Verein bei noch herrlichem Wetter zum Jubil\u00e4umswanderritt ein. 50 Jahre nach der Gr\u00fcndung des Vereins und zahlreichen durchgef\u00fchrten Wanderritten erkundeten nun wieder 50 Reiter und 10 Kutschfahrer die 20 Kilometer lange Strecke rund um Achsheim und l\u00f6sten dabei knifflige R\u00e4tsel.<\/p>\n\n\n\n<p>Um weiterhin unfallfrei und sicher die Anlage nutzen zu k\u00f6nnen, organisierte der Verein nach dem Wanderritt eine Segnung des modernisierten Dressurplatzes und der mitgebrachten Tiere durch Diakon J\u00fcrgen Brummer, dem die Tiersegnung sichtlich Freude bereitete. Gut 25 Tieren, darunter Katze, Hund und Pferd, erhielten den Segen Gottes.<\/p>\n\n\n\n<p>Mit einer Fahnenabordnungen und Festmusik vom Musikverein Langweid gestaltete Pater Peter Kuzma am 24.09.23 einen kurzweiligen Festgottesdienst in der Dorfkirche St. Peter und Paul. Beim anschlie\u00dfenden Empfang und Fr\u00fchschoppen begr\u00fc\u00dften die Pferdesportler zahlreiche Achsheimer und Ehreng\u00e4ste. Auch der zweite B\u00fcrgermeister Christian Herfert, Kreisvorsitzender des Bayerischen Landessportbund Dieter Greiner und der Ehrenvorsitzende vom Reit- und Fahrverband Schwabens Wulf-Dieter Mittelstrass richteten Gru\u00dfworte an die zahlreichen G\u00e4ste und \u00fcbergaben Ehrenurkunden.<\/p>\n\n\n\n<p>Anschlie\u00dfend wurden drei Gr\u00fcndungsmitglieder, Josef Steppich, Leonhard Kuchenbaur und Erich Rada, f\u00fcr Ihre 50-j\u00e4hrige Mitgliedschaft geehrt.<\/p>\n\n\n\n<figure class=\"wp-block-image size-large\"><img loading=\"lazy\" decoding=\"async\" width=\"1024\" height=\"683\" src=\"http:\/\/psv-achsheim.de\/wp-content\/uploads\/2024\/02\/Foto_Segnung-1024x683.jpg\" alt=\"\" class=\"wp-image-688\" srcset=\"http:\/\/psv-achsheim.de\/wp-content\/uploads\/2024\/02\/Foto_Segnung-1024x683.jpg 1024w, http:\/\/psv-achsheim.de\/wp-content\/uploads\/2024\/02\/Foto_Segnung-300x200.jpg 300w, http:\/\/psv-achsheim.de\/wp-content\/uploads\/2024\/02\/Foto_Segnung-768x512.jpg 768w, http:\/\/psv-achsheim.de\/wp-content\/uploads\/2024\/02\/Foto_Segnung-1536x1024.jpg 1536w, http:\/\/psv-achsheim.de\/wp-content\/uploads\/2024\/02\/Foto_Segnung-2048x1365.jpg 2048w\" sizes=\"auto, (max-width: 1024px) 100vw, 1024px\" \/><\/figure>\n\n\n\n<hr class=\"wp-block-separator has-alpha-channel-opacity\"\/>\n\n\n\n<p class=\"has-text-align-left\"><strong>50 Jahre Pferdesportverein St. Leonhard Achsheim e.V.<\/strong><\/p>\n\n\n\n<p>Am 23.09. und 24.09.2023 m\u00f6chten wir unser 50j\u00e4hriges Vereinsjubil\u00e4um mit unseren Vereinsmitgliedern und G\u00e4sten feiern.<\/p>\n\n\n\n<p>Dazu laden wir am <strong>Samstag den 23.09.23<\/strong> zu unserem Jubil\u00e4umswanderritt ein. Die Strecke f\u00fchrt f\u00fcr Reiter und Fahrer ca. 21km durch unsere herrliche Landschaft.<\/p>\n\n\n\n<p>Wer m\u00f6chte kann zus\u00e4tzlich an unserer Schnitzeljagd und am Geschicklichkeitsparcour mit anschlie\u00dfender Verlosung teilnehmen.<\/p>\n\n\n\n<p>Der Start ist von 08:00 Uhr bis 12:00 Uhr m\u00f6glich.  <\/p>\n\n\n\n<p>Los geht\u2019s von unserer Reitanlage: <\/p>\n\n\n\n<p><strong>Kellerberg 5 in 86462 Achsheim<\/strong><\/p>\n\n\n\n<p>Wir w\u00fcrden uns sehr freuen, wenn ihr euch vorher per Whatsapp unter 0157\/54329299 anmeldet.<\/p>\n\n\n\n<p>Um 14:00 Uhr findet auf unsere Anlage eine <strong>Tiersegnung<\/strong> statt. Dazu seid ihr herzlich mit euren Pferden, Hunden, Hasen usw. eingeladen.<\/p>\n\n\n\n<hr class=\"wp-block-separator has-alpha-channel-opacity\"\/>\n\n\n\n<p>Am Sonntag den 24.09.23 laden wir zu einem Festgottesdienst um 8:30Uhr in der Pfarrkirche St. Peter und Paul in Achsheim ein. Anschlie\u00dfend findet ein Fr\u00fchschoppen f\u00fcr alle Interessierte im Pfarrheim statt.<\/p>\n\n\n\n<p>Wir freuen uns, wenn ihr mit uns feiert!!<\/p>\n\n\n\n<hr class=\"wp-block-separator has-alpha-channel-opacity\"\/>\n\n\n\n<p><a href=\"http:\/\/psv-achsheim.de\/\" data-type=\"URL\" data-id=\"http:\/\/psv-achsheim.de\/\">Zu unserem Flyer gehts hier!<\/a><\/p>\n","protected":false},"excerpt":{"rendered":"<p>Jubil\u00e4um bei den Achsheimer Pferdesportlern begeistert Mit einer guten Mischung aus Sport und Fest feierte der Verein seinen Geburtstag. Am 23.09.23 lud der Verein bei noch herrlichem Wetter zum Jubil\u00e4umswanderritt ein. 50 Jahre nach der Gr\u00fcndung des Vereins und zahlreichen durchgef\u00fchrten Wanderritten erkundeten nun wieder 50 Reiter und 10 Kutschfahrer die 20 Kilometer lange Strecke &hellip; <a href=\"http:\/\/psv-achsheim.de\/?page_id=613\" class=\"more-link\"><span class=\"screen-reader-text\">50-j\u00e4hriges Jubil\u00e4um<\/span> weiterlesen <span class=\"meta-nav\">&rarr;<\/span><\/a><\/p>\n","protected":false},"author":15,"featured_media":0,"parent":0,"menu_order":0,"comment_status":"closed","ping_status":"closed","template":"","meta":{"footnotes":""},"class_list":["post-613","page","type-page","status-publish","hentry"],"_links":{"self":[{"href":"http:\/\/psv-achsheim.de\/index.php?rest_route=\/wp\/v2\/pages\/613","targetHints":{"allow":["GET"]}}],"collection":[{"href":"http:\/\/psv-achsheim.de\/index.php?rest_route=\/wp\/v2\/pages"}],"about":[{"href":"http:\/\/psv-achsheim.de\/index.php?rest_route=\/wp\/v2\/types\/page"}],"author":[{"embeddable":true,"href":"http:\/\/psv-achsheim.de\/index.php?rest_route=\/wp\/v2\/users\/15"}],"replies":[{"embeddable":true,"href":"http:\/\/psv-achsheim.de\/index.php?rest_route=%2Fwp%2Fv2%2Fcomments&post=613"}],"version-history":[{"count":12,"href":"http:\/\/psv-achsheim.de\/index.php?rest_route=\/wp\/v2\/pages\/613\/revisions"}],"predecessor-version":[{"id":689,"href":"http:\/\/psv-achsheim.de\/index.php?rest_route=\/wp\/v2\/pages\/613\/revisions\/689"}],"wp:attachment":[{"href":"http:\/\/psv-achsheim.de\/index.php?rest_route=%2Fwp%2Fv2%2Fmedia&parent=613"}],"curies":[{"name":"wp","href":"https:\/\/api.w.org\/{rel}","templated":true}]}}